{"id":89,"date":"2026-04-16T12:29:18","date_gmt":"2026-04-16T12:29:18","guid":{"rendered":"https:\/\/dionysos-energie.com\/?page_id=89"},"modified":"2026-04-16T12:31:46","modified_gmt":"2026-04-16T12:31:46","slug":"copropriete","status":"publish","type":"page","link":"https:\/\/dionysos-energie.com\/index.php\/secteurs-dactivite\/copropriete\/","title":{"rendered":"Copropri\u00e9t\u00e9"},"content":{"rendered":"","protected":false},"excerpt":{"rendered":"","protected":false},"author":3,"featured_media":0,"parent":73,"menu_order":0,"comment_status":"closed","ping_status":"closed","template":"","meta":{"footnotes":""},"class_list":["post-89","page","type-page","status-publish","hentry"],"yoast_head":"<!-- This site is optimized with the Yoast SEO plugin v27.4 - https:\/\/yoast.com\/product\/yoast-seo-wordpress\/ -->\n<title>Copropri\u00e9t\u00e9 - Dionysos \u00e9nergie, votre mandataire CEE<\/title>\n<meta name=\"robots\" content=\"index, follow, max-snippet:-1, max-image-preview:large, max-video-preview:-1\" \/>\n<link rel=\"canonical\" href=\"https:\/\/dionysos-energie.com\/index.php\/secteurs-dactivite\/copropriete\/\" \/>\n<meta property=\"og:locale\" content=\"fr_FR\" \/>\n<meta property=\"og:type\" content=\"article\" \/>\n<meta property=\"og:title\" content=\"Copropri\u00e9t\u00e9 - Dionysos \u00e9nergie, votre mandataire CEE\" \/>\n<meta property=\"og:url\" content=\"https:\/\/dionysos-energie.com\/index.php\/secteurs-dactivite\/copropriete\/\" \/>\n<meta property=\"og:site_name\" content=\"Dionysos \u00e9nergie, votre mandataire CEE\" \/>\n<meta property=\"article:modified_time\" content=\"2026-04-16T12:31:46+00:00\" \/>\n<meta name=\"twitter:card\" content=\"summary_large_image\" \/>\n<script type=\"application\/ld+json\" class=\"yoast-schema-graph\">{\"@context\":\"https:\\\/\\\/schema.org\",\"@graph\":[{\"@type\":\"WebPage\",\"@id\":\"https:\\\/\\\/dionysos-energie.com\\\/index.php\\\/secteurs-dactivite\\\/copropriete\\\/\",\"url\":\"https:\\\/\\\/dionysos-energie.com\\\/index.php\\\/secteurs-dactivite\\\/copropriete\\\/\",\"name\":\"Copropri\u00e9t\u00e9 - Dionysos \u00e9nergie, votre mandataire CEE\",\"isPartOf\":{\"@id\":\"https:\\\/\\\/dionysos-energie.com\\\/#website\"},\"datePublished\":\"2026-04-16T12:29:18+00:00\",\"dateModified\":\"2026-04-16T12:31:46+00:00\",\"breadcrumb\":{\"@id\":\"https:\\\/\\\/dionysos-energie.com\\\/index.php\\\/secteurs-dactivite\\\/copropriete\\\/#breadcrumb\"},\"inLanguage\":\"fr-FR\",\"potentialAction\":[{\"@type\":\"ReadAction\",\"target\":[\"https:\\\/\\\/dionysos-energie.com\\\/index.php\\\/secteurs-dactivite\\\/copropriete\\\/\"]}]},{\"@type\":\"BreadcrumbList\",\"@id\":\"https:\\\/\\\/dionysos-energie.com\\\/index.php\\\/secteurs-dactivite\\\/copropriete\\\/#breadcrumb\",\"itemListElement\":[{\"@type\":\"ListItem\",\"position\":1,\"name\":\"Accueil\",\"item\":\"https:\\\/\\\/dionysos-energie.com\\\/\"},{\"@type\":\"ListItem\",\"position\":2,\"name\":\"Secteurs d&rsquo;activit\u00e9\",\"item\":\"https:\\\/\\\/dionysos-energie.com\\\/index.php\\\/secteurs-dactivite\\\/\"},{\"@type\":\"ListItem\",\"position\":3,\"name\":\"Copropri\u00e9t\u00e9\"}]},{\"@type\":\"WebSite\",\"@id\":\"https:\\\/\\\/dionysos-energie.com\\\/#website\",\"url\":\"https:\\\/\\\/dionysos-energie.com\\\/\",\"name\":\"Dionysos \u00e9nergie, votre mandataire CEE\",\"description\":\"\",\"potentialAction\":[{\"@type\":\"SearchAction\",\"target\":{\"@type\":\"EntryPoint\",\"urlTemplate\":\"https:\\\/\\\/dionysos-energie.com\\\/?s={search_term_string}\"},\"query-input\":{\"@type\":\"PropertyValueSpecification\",\"valueRequired\":true,\"valueName\":\"search_term_string\"}}],\"inLanguage\":\"fr-FR\"}]}<\/script>\n<!-- \/ Yoast SEO plugin. -->","yoast_head_json":{"title":"Copropri\u00e9t\u00e9 - Dionysos \u00e9nergie, votre mandataire CEE","robots":{"index":"index","follow":"follow","max-snippet":"max-snippet:-1","max-image-preview":"max-image-preview:large","max-video-preview":"max-video-preview:-1"},"canonical":"https:\/\/dionysos-energie.com\/index.php\/secteurs-dactivite\/copropriete\/","og_locale":"fr_FR","og_type":"article","og_title":"Copropri\u00e9t\u00e9 - Dionysos \u00e9nergie, votre mandataire CEE","og_url":"https:\/\/dionysos-energie.com\/index.php\/secteurs-dactivite\/copropriete\/","og_site_name":"Dionysos \u00e9nergie, votre mandataire CEE","article_modified_time":"2026-04-16T12:31:46+00:00","twitter_card":"summary_large_image","schema":{"@context":"https:\/\/schema.org","@graph":[{"@type":"WebPage","@id":"https:\/\/dionysos-energie.com\/index.php\/secteurs-dactivite\/copropriete\/","url":"https:\/\/dionysos-energie.com\/index.php\/secteurs-dactivite\/copropriete\/","name":"Copropri\u00e9t\u00e9 - Dionysos \u00e9nergie, votre mandataire CEE","isPartOf":{"@id":"https:\/\/dionysos-energie.com\/#website"},"datePublished":"2026-04-16T12:29:18+00:00","dateModified":"2026-04-16T12:31:46+00:00","breadcrumb":{"@id":"https:\/\/dionysos-energie.com\/index.php\/secteurs-dactivite\/copropriete\/#breadcrumb"},"inLanguage":"fr-FR","potentialAction":[{"@type":"ReadAction","target":["https:\/\/dionysos-energie.com\/index.php\/secteurs-dactivite\/copropriete\/"]}]},{"@type":"BreadcrumbList","@id":"https:\/\/dionysos-energie.com\/index.php\/secteurs-dactivite\/copropriete\/#breadcrumb","itemListElement":[{"@type":"ListItem","position":1,"name":"Accueil","item":"https:\/\/dionysos-energie.com\/"},{"@type":"ListItem","position":2,"name":"Secteurs d&rsquo;activit\u00e9","item":"https:\/\/dionysos-energie.com\/index.php\/secteurs-dactivite\/"},{"@type":"ListItem","position":3,"name":"Copropri\u00e9t\u00e9"}]},{"@type":"WebSite","@id":"https:\/\/dionysos-energie.com\/#website","url":"https:\/\/dionysos-energie.com\/","name":"Dionysos \u00e9nergie, votre mandataire CEE","description":"","potentialAction":[{"@type":"SearchAction","target":{"@type":"EntryPoint","urlTemplate":"https:\/\/dionysos-energie.com\/?s={search_term_string}"},"query-input":{"@type":"PropertyValueSpecification","valueRequired":true,"valueName":"search_term_string"}}],"inLanguage":"fr-FR"}]}},"_links":{"self":[{"href":"https:\/\/dionysos-energie.com\/index.php\/wp-json\/wp\/v2\/pages\/89","targetHints":{"allow":["GET"]}}],"collection":[{"href":"https:\/\/dionysos-energie.com\/index.php\/wp-json\/wp\/v2\/pages"}],"about":[{"href":"https:\/\/dionysos-energie.com\/index.php\/wp-json\/wp\/v2\/types\/page"}],"author":[{"embeddable":true,"href":"https:\/\/dionysos-energie.com\/index.php\/wp-json\/wp\/v2\/users\/3"}],"replies":[{"embeddable":true,"href":"https:\/\/dionysos-energie.com\/index.php\/wp-json\/wp\/v2\/comments?post=89"}],"version-history":[{"count":2,"href":"https:\/\/dionysos-energie.com\/index.php\/wp-json\/wp\/v2\/pages\/89\/revisions"}],"predecessor-version":[{"id":92,"href":"https:\/\/dionysos-energie.com\/index.php\/wp-json\/wp\/v2\/pages\/89\/revisions\/92"}],"up":[{"embeddable":true,"href":"https:\/\/dionysos-energie.com\/index.php\/wp-json\/wp\/v2\/pages\/73"}],"wp:attachment":[{"href":"https:\/\/dionysos-energie.com\/index.php\/wp-json\/wp\/v2\/media?parent=89"}],"curies":[{"name":"wp","href":"https:\/\/api.w.org\/{rel}","templated":true}]}}